{"id":323,"date":"2025-07-13T20:16:06","date_gmt":"2025-07-13T20:16:06","guid":{"rendered":"https:\/\/rafffaela.com.br\/?post_type=product&#038;p=323"},"modified":"2026-04-22T17:13:12","modified_gmt":"2026-04-22T20:13:12","slug":"produto-5","status":"publish","type":"product","link":"https:\/\/rafffaela.com.br\/pt\/produto\/produto-5\/","title":{"rendered":"Sou Latina Vou A Feira"},"content":{"rendered":"<p data-start=\"129\" data-end=\"174\"><strong data-start=\"129\" data-end=\"155\">Soy latina voy a feira<\/strong><\/p>\n<p data-start=\"129\" data-end=\"174\">A3 (29,7 x 42 cm)<br \/>\nRis\u00f3grafo<\/p>\n<p data-start=\"176\" data-end=\"219\">Impresso em Quito, Equador por @recodopress<\/p>\n<p data-start=\"221\" data-end=\"436\">Um projeto colaborativo entre artistas independentes do Brasil e do Equador, que explora nossas diferen\u00e7as e semelhan\u00e7as por meio da comida. Viabilizado por @cratera.sp e @recodopress. Um projeto especial para todos n\u00f3s.<\/p>\n<p data-start=\"438\" data-end=\"451\">Outubro de 2024<\/p>","protected":false},"excerpt":{"rendered":"<p data-start=\"129\" data-end=\"174\">A3 (29,7 x 42 cm)<br \/>\nRis\u00f3grafo<\/p>\n<p data-start=\"176\" data-end=\"219\">Impresso em Quito, Equador por @recodopress<\/p>\n<p data-start=\"221\" data-end=\"436\">Um projeto colaborativo entre artistas independentes do Brasil e do Equador, que explora nossas diferen\u00e7as e semelhan\u00e7as por meio da comida. Viabilizado por @cratera.sp e @recodopress. Um projeto especial para todos n\u00f3s.<\/p>\n<p data-start=\"438\" data-end=\"451\">Outubro de 2024<\/p>\n<p>As impress\u00f5es s\u00e3o enroladas e enviadas em tubos de papel\u00e3o<br \/>\nTodos os pedidos s\u00e3o enviados de S\u00e3o Paulo, SP \u2013 Brasil<\/p>","protected":false},"featured_media":884,"comment_status":"open","ping_status":"closed","template":"","meta":{"_acf_changed":false},"product_brand":[],"product_cat":[36],"product_tag":[],"class_list":{"0":"post-323","1":"product","2":"type-product","3":"status-publish","4":"has-post-thumbnail","6":"product_cat-ilustracao","8":"first","9":"outofstock","10":"taxable","11":"shipping-taxable","12":"purchasable","13":"product-type-simple"},"acf":[],"_links":{"self":[{"href":"https:\/\/rafffaela.com.br\/pt\/wp-json\/wp\/v2\/product\/323","targetHints":{"allow":["GET"]}}],"collection":[{"href":"https:\/\/rafffaela.com.br\/pt\/wp-json\/wp\/v2\/product"}],"about":[{"href":"https:\/\/rafffaela.com.br\/pt\/wp-json\/wp\/v2\/types\/product"}],"replies":[{"embeddable":true,"href":"https:\/\/rafffaela.com.br\/pt\/wp-json\/wp\/v2\/comments?post=323"}],"wp:featuredmedia":[{"embeddable":true,"href":"https:\/\/rafffaela.com.br\/pt\/wp-json\/wp\/v2\/media\/884"}],"wp:attachment":[{"href":"https:\/\/rafffaela.com.br\/pt\/wp-json\/wp\/v2\/media?parent=323"}],"wp:term":[{"taxonomy":"product_brand","embeddable":true,"href":"https:\/\/rafffaela.com.br\/pt\/wp-json\/wp\/v2\/product_brand?post=323"},{"taxonomy":"product_cat","embeddable":true,"href":"https:\/\/rafffaela.com.br\/pt\/wp-json\/wp\/v2\/product_cat?post=323"},{"taxonomy":"product_tag","embeddable":true,"href":"https:\/\/rafffaela.com.br\/pt\/wp-json\/wp\/v2\/product_tag?post=323"}],"curies":[{"name":"wp","href":"https:\/\/api.w.org\/{rel}","templated":true}]}}