{"id":405,"date":"2025-07-13T22:54:07","date_gmt":"2025-07-13T22:54:07","guid":{"rendered":"https:\/\/rafffaela.com.br\/?page_id=405"},"modified":"2025-10-20T12:03:28","modified_gmt":"2025-10-20T15:03:28","slug":"about","status":"publish","type":"page","link":"https:\/\/rafffaela.com.br\/pt\/about\/","title":{"rendered":"SOBRE"},"content":{"rendered":"<div data-elementor-type=\"wp-page\" data-elementor-id=\"405\" class=\"elementor elementor-405\" data-elementor-post-type=\"page\">\n\t\t\t\t<div class=\"elementor-element elementor-element-4ca6af4 e-flex e-con-boxed e-con e-parent\" data-id=\"4ca6af4\" data-element_type=\"container\" data-e-type=\"container\">\n\t\t\t\t\t<div class=\"e-con-inner\">\n\t\t<div class=\"elementor-element elementor-element-e388728 e-con-full e-flex e-con e-child\" data-id=\"e388728\" data-element_type=\"container\" data-e-type=\"container\">\n\t\t<div class=\"elementor-element elementor-element-4ff582e e-con-full e-flex e-con e-child\" data-id=\"4ff582e\" data-element_type=\"container\" data-e-type=\"container\">\n\t\t\t\t<div class=\"elementor-element elementor-element-1d6e2a2 elementor-widget elementor-widget-image\" data-id=\"1d6e2a2\" data-element_type=\"widget\" data-e-type=\"widget\" data-widget_type=\"image.default\">\n\t\t\t\t\t\t\t\t\t\t\t\t\t\t\t<img fetchpriority=\"high\" decoding=\"async\" width=\"800\" height=\"1000\" src=\"https:\/\/rafffaela.com.br\/wp-content\/uploads\/2025\/09\/rafafiorini58de91-819x1024.jpg\" class=\"attachment-large size-large wp-image-940\" alt=\"\" srcset=\"https:\/\/rafffaela.com.br\/wp-content\/uploads\/2025\/09\/rafafiorini58de91-819x1024.jpg 819w, https:\/\/rafffaela.com.br\/wp-content\/uploads\/2025\/09\/rafafiorini58de91-240x300.jpg 240w, https:\/\/rafffaela.com.br\/wp-content\/uploads\/2025\/09\/rafafiorini58de91-768x960.jpg 768w, https:\/\/rafffaela.com.br\/wp-content\/uploads\/2025\/09\/rafafiorini58de91-1229x1536.jpg 1229w, https:\/\/rafffaela.com.br\/wp-content\/uploads\/2025\/09\/rafafiorini58de91-1638x2048.jpg 1638w, https:\/\/rafffaela.com.br\/wp-content\/uploads\/2025\/09\/rafafiorini58de91-10x12.jpg 10w, https:\/\/rafffaela.com.br\/wp-content\/uploads\/2025\/09\/rafafiorini58de91-600x750.jpg 600w, https:\/\/rafffaela.com.br\/wp-content\/uploads\/2025\/09\/rafafiorini58de91-scaled.jpg 1536w\" sizes=\"(max-width: 800px) 100vw, 800px\" \/>\t\t\t\t\t\t\t\t\t\t\t\t\t\t\t<\/div>\n\t\t\t\t<div class=\"elementor-element elementor-element-49497a3 elementor-hidden-mobile elementor-widget elementor-widget-text-editor\" data-id=\"49497a3\" data-element_type=\"widget\" data-e-type=\"widget\" data-widget_type=\"text-editor.default\">\n\t\t\t\t\t\t\t\t\t<p data-start=\"131\" data-end=\"697\"><strong data-start=\"131\" data-end=\"149\">Colabora\u00e7\u00f5es<\/strong><br data-start=\"149\" data-end=\"152\" \/>Atelier Passarelli \u2013 Identidade visual e dire\u00e7\u00e3o criativa, 2025<br data-start=\"217\" data-end=\"220\" \/>SESC Franca \u2013 Ilustra\u00e7\u00f5es para a exposi\u00e7\u00e3o de abertura <em data-start=\"275\" data-end=\"284\">Cerrado<\/em>, 2025<br data-start=\"290\" data-end=\"293\" \/>Instituto para a Democracia e Sustentabilidade \u2013 Relat\u00f3rio anual, 2025<br data-start=\"364\" data-end=\"367\" data-is-only-node=\"\" \/>Vereador Ricardo Alvarez \u2013 Identidade visual e dire\u00e7\u00e3o de arte para campanha pol\u00edtica, 2024<br data-start=\"458\" data-end=\"461\" \/>Editora Matrioska \u2013 Dire\u00e7\u00e3o de arte e ilustra\u00e7\u00f5es para <em data-start=\"517\" data-end=\"536\">Leituras Cr\u00edticas<\/em> s\u00e9rie, 2023<br data-start=\"549\" data-end=\"552\" \/>O Joio e O Trigo \u2013 Ilustra\u00e7\u00e3o para <em data-start=\"588\" data-end=\"616\">O Calib\u00e3, o Agro e a Bruxa<\/em>, 2022<br data-start=\"622\" data-end=\"625\" \/>Campanha Guilherme Boulos para Prefeito de S\u00e3o Paulo \u2013 Dire\u00e7\u00e3o de arte, 2020<\/p><p data-start=\"699\" data-end=\"995\"><strong data-start=\"699\" data-end=\"726\">Experi\u00eancia profissional<\/strong><br data-start=\"726\" data-end=\"729\" \/>Freelancer (2024\u2013Presente)<br data-start=\"754\" data-end=\"757\" \/>Origin Finance \u2013 Designer de Marca (2022\u20132023)<br data-start=\"800\" data-end=\"803\" \/>ONU Mulheres Brasil \u2013 Designer e Ilustradora (2020\u20132023)<br data-start=\"857\" data-end=\"860\" \/>Deputada Estadual Isa Penna \u2013 Designer (2019\u20132021)<br data-start=\"913\" data-end=\"916\" \/>Ag\u00eancia Digital Brif\u00f4 \u2013 Designer (2018\u20132019)<br data-start=\"959\" data-end=\"962\" \/>Hometeka \u2013 Designer (2017\u20132018)<\/p><p><strong data-start=\"997\" data-end=\"1010\">Educa\u00e7\u00e3o<\/strong><br data-start=\"1010\" data-end=\"1013\" \/>Istituto Europeo di Design \u2013 Design Gr\u00e1fico e Digital (2015\u20132017)<br data-start=\"1080\" data-end=\"1083\" \/>Universidade Belas Artes \u2013 Design Gr\u00e1fico e Digital (2014\u20132015)<br data-start=\"1148\" data-end=\"1151\" \/>Faculdade Santa Marcelina \u2013 Moda (2013\u20132014)<\/p>\t\t\t\t\t\t\t\t<\/div>\n\t\t\t\t<\/div>\n\t\t\t\t<\/div>\n\t\t<div class=\"elementor-element elementor-element-7385807 e-con-full e-flex e-con e-child\" data-id=\"7385807\" data-element_type=\"container\" data-e-type=\"container\">\n\t\t\t\t<div class=\"elementor-element elementor-element-6acfffc elementor-widget elementor-widget-text-editor\" data-id=\"6acfffc\" data-element_type=\"widget\" data-e-type=\"widget\" data-widget_type=\"text-editor.default\">\n\t\t\t\t\t\t\t\t\t<p data-start=\"116\" data-end=\"582\" class=\"translation-block\">Sou designer, ilustradora e artista pl\u00e1stica. Brasileira, formada em Design Gr\u00e1fico e Digital pelo Instituto Europeu di Design, constru\u00ed minha rela\u00e7\u00e3o com a arte a partir do conv\u00edvio familiar. Cresci observando as mulheres da minha fam\u00edlia em seus quadros: minha av\u00f3, em seu ateli\u00ea no fundo de casa; minha m\u00e3e, pintando em sil\u00eancio na lavanderia depois da hora de dormir. Tamb\u00e9m acompanhava meu av\u00f4, vendendo suas obras nas feiras de rua do centro de S\u00e3o Paulo.<\/p><p data-start=\"584\" data-end=\"882\">A arte sempre esteve presente como espa\u00e7o de express\u00e3o e resist\u00eancia. Crescer nesse ambiente moldou meu olhar para cores, formas e composi\u00e7\u00f5es, e me levou a compreender a cria\u00e7\u00e3o como algo inevit\u00e1vel \u2014 um gesto vital, porque n\u00e3o criar \u00e9 mais dolorido que se expor artisticamente.<\/p><p data-start=\"884\" data-end=\"1183\">Ser mulher, latino-americana, brasileira e artista \u00e9, para mim, um posicionamento pol\u00edtico. Minhas obras, coloridas, contrastantes e de formas geom\u00e9tricas e abstratas, refletem uma busca cont\u00ednua de elaborar o que pulsa por dentro \u2014 seja quando aperta, seja quando transborda. Sempre de dentro para fora.<\/p><p data-start=\"1185\" data-end=\"1379\">Tanto na cria\u00e7\u00e3o pessoal quanto no mercado de trabalho, busco trazer essa perspectiva cr\u00edtica e sens\u00edvel a cada projeto, seja em um layout de design, uma ilustra\u00e7\u00e3o encomendada ou uma pintura original. Sempre tento trazer para o meu trabalho o que me impacta pessoalmente. Sejam minhas pr\u00f3prias refer\u00eancias ou um sentimento persistente. Assim como as for\u00e7as externas que nos moldam coletivamente. Tento conter essas tens\u00f5es, transformando-as em imagens que expressem tanto o \u00edntimo quanto o coletivo.<\/p>\t\t\t\t\t\t\t\t<\/div>\n\t\t\t\t<div class=\"elementor-element elementor-element-487b96e elementor-hidden-desktop elementor-hidden-tablet elementor-widget elementor-widget-text-editor\" data-id=\"487b96e\" data-element_type=\"widget\" data-e-type=\"widget\" data-widget_type=\"text-editor.default\">\n\t\t\t\t\t\t\t\t\t<p data-start=\"131\" data-end=\"697\"><strong data-start=\"131\" data-end=\"149\">Colabora\u00e7\u00f5es<\/strong><br data-start=\"149\" data-end=\"152\">Atelier Passarelli \u2013 Identidade visual e dire\u00e7\u00e3o criativa, 2025<br data-start=\"217\" data-end=\"220\">SESC Franca \u2013 Ilustra\u00e7\u00f5es para a exposi\u00e7\u00e3o de abertura <em data-start=\"275\" data-end=\"284\">Cerrado<\/em>, 2025<br data-start=\"290\" data-end=\"293\">Instituto para a Democracia e Sustentabilidade \u2013 Relat\u00f3rio anual, 2025<br data-start=\"364\" data-end=\"367\" data-is-only-node=\"\">Vereador Ricardo Alvarez \u2013 Identidade visual e dire\u00e7\u00e3o de arte para campanha pol\u00edtica, 2024<br data-start=\"458\" data-end=\"461\">Editora Matrioska \u2013 Dire\u00e7\u00e3o de arte e ilustra\u00e7\u00f5es para <em data-start=\"517\" data-end=\"536\">Leituras Cr\u00edticas<\/em> s\u00e9rie, 2023<br data-start=\"549\" data-end=\"552\">O Joio e O Trigo \u2013 Ilustra\u00e7\u00e3o para <em data-start=\"588\" data-end=\"616\">O Calib\u00e3, o Agro e a Bruxa<\/em>, 2022<br data-start=\"622\" data-end=\"625\">Campanha Guilherme Boulos para Prefeito de S\u00e3o Paulo \u2013 Dire\u00e7\u00e3o de arte, 2020<\/p>\n<p data-start=\"699\" data-end=\"995\"><strong data-start=\"699\" data-end=\"726\">Experi\u00eancia profissional<\/strong><br data-start=\"726\" data-end=\"729\">Freelancer (2024\u2013Presente)<br data-start=\"754\" data-end=\"757\">Origin Finance \u2013 Designer de Marca (2022\u20132023)<br data-start=\"800\" data-end=\"803\">ONU Mulheres Brasil \u2013 Designer e Ilustradora (2020\u20132023)<br data-start=\"857\" data-end=\"860\">Deputada Estadual Isa Penna \u2013 Designer (2019\u20132021)<br data-start=\"913\" data-end=\"916\">Ag\u00eancia Digital Brif\u00f4 \u2013 Designer (2018\u20132019)<br data-start=\"959\" data-end=\"962\">Hometeka \u2013 Designer (2017\u20132018)<\/p>\n<p><strong data-start=\"997\" data-end=\"1010\">Educa\u00e7\u00e3o<\/strong><br data-start=\"1010\" data-end=\"1013\">Istituto Europeo di Design \u2013 Design Gr\u00e1fico e Digital (2015\u20132017)<br data-start=\"1080\" data-end=\"1083\">Universidade Belas Artes \u2013 Design Gr\u00e1fico e Digital (2014\u20132015)<br data-start=\"1148\" data-end=\"1151\">Faculdade Santa Marcelina \u2013 Moda (2013\u20132014)<\/p>\t\t\t\t\t\t\t\t<\/div>\n\t\t\t\t<div class=\"elementor-element elementor-element-3cb4692 elementor-widget elementor-widget-text-editor\" data-id=\"3cb4692\" data-element_type=\"widget\" data-e-type=\"widget\" data-widget_type=\"text-editor.default\">\n\t\t\t\t\t\t\t\t\t<p><span style=\"font-weight: 400;\">hello@rafffaela.com.br<\/span><\/p>\t\t\t\t\t\t\t\t<\/div>\n\t\t\t\t<div class=\"elementor-element elementor-element-83ac757 elementor-widget elementor-widget-button\" data-id=\"83ac757\" data-element_type=\"widget\" data-e-type=\"widget\" data-widget_type=\"button.default\">\n\t\t\t\t\t\t\t\t\t\t<a class=\"elementor-button elementor-button-link elementor-size-sm\" href=\"https:\/\/www.instagram.com\/rafffaela\/\">\n\t\t\t\t\t\t<span class=\"elementor-button-content-wrapper\">\n\t\t\t\t\t\t\t\t\t<span class=\"elementor-button-text\">Instagram<\/span>\n\t\t\t\t\t<\/span>\n\t\t\t\t\t<\/a>\n\t\t\t\t\t\t\t\t<\/div>\n\t\t\t\t<div class=\"elementor-element elementor-element-7741076 elementor-widget elementor-widget-button\" data-id=\"7741076\" data-element_type=\"widget\" data-e-type=\"widget\" data-widget_type=\"button.default\">\n\t\t\t\t\t\t\t\t\t\t<a class=\"elementor-button elementor-button-link elementor-size-sm\" href=\"https:\/\/www.behance.net\/rafffaela\">\n\t\t\t\t\t\t<span class=\"elementor-button-content-wrapper\">\n\t\t\t\t\t\t\t\t\t<span class=\"elementor-button-text\">Behance<\/span>\n\t\t\t\t\t<\/span>\n\t\t\t\t\t<\/a>\n\t\t\t\t\t\t\t\t<\/div>\n\t\t\t\t<div class=\"elementor-element elementor-element-9572718 elementor-widget elementor-widget-button\" data-id=\"9572718\" data-element_type=\"widget\" data-e-type=\"widget\" data-widget_type=\"button.default\">\n\t\t\t\t\t\t\t\t\t\t<a class=\"elementor-button elementor-button-link elementor-size-sm\" href=\"http:\/\/linkedin.com\/in\/rafaela-fiorini-b8ab30204\">\n\t\t\t\t\t\t<span class=\"elementor-button-content-wrapper\">\n\t\t\t\t\t\t\t\t\t<span class=\"elementor-button-text\">Linkedin<\/span>\n\t\t\t\t\t<\/span>\n\t\t\t\t\t<\/a>\n\t\t\t\t\t\t\t\t<\/div>\n\t\t\t\t<\/div>\n\t\t\t\t\t<\/div>\n\t\t\t\t<\/div>\n\t\t\t\t<\/div>","protected":false},"excerpt":{"rendered":"<p>CollaborationsAtelier Passarelli \u2013 Visual identity and creative direction, 2025SESC Franca \u2013 Illustrations for the opening exhibition Cerrado, 2025Institute for Democracy and Sustainability \u2013 Annual report design, 2025Councilman Ricardo Alvarez \u2013 Visual identity and art direction for political campaign, 2024Editora Matrioska \u2013 Art direction and illustrations for Leituras Cr\u00edticas series, 2023O Joio e O Trigo \u2013 [&hellip;]<\/p>\n","protected":false},"author":2,"featured_media":0,"parent":0,"menu_order":0,"comment_status":"closed","ping_status":"closed","template":"","meta":{"_acf_changed":false,"footnotes":""},"class_list":["post-405","page","type-page","status-publish","hentry"],"acf":[],"_links":{"self":[{"href":"https:\/\/rafffaela.com.br\/pt\/wp-json\/wp\/v2\/pages\/405","targetHints":{"allow":["GET"]}}],"collection":[{"href":"https:\/\/rafffaela.com.br\/pt\/wp-json\/wp\/v2\/pages"}],"about":[{"href":"https:\/\/rafffaela.com.br\/pt\/wp-json\/wp\/v2\/types\/page"}],"author":[{"embeddable":true,"href":"https:\/\/rafffaela.com.br\/pt\/wp-json\/wp\/v2\/users\/2"}],"replies":[{"embeddable":true,"href":"https:\/\/rafffaela.com.br\/pt\/wp-json\/wp\/v2\/comments?post=405"}],"version-history":[{"count":6,"href":"https:\/\/rafffaela.com.br\/pt\/wp-json\/wp\/v2\/pages\/405\/revisions"}],"predecessor-version":[{"id":1202,"href":"https:\/\/rafffaela.com.br\/pt\/wp-json\/wp\/v2\/pages\/405\/revisions\/1202"}],"wp:attachment":[{"href":"https:\/\/rafffaela.com.br\/pt\/wp-json\/wp\/v2\/media?parent=405"}],"curies":[{"name":"wp","href":"https:\/\/api.w.org\/{rel}","templated":true}]}}